{"id":15,"date":"2020-06-05T09:12:54","date_gmt":"2020-06-05T09:12:54","guid":{"rendered":"https:\/\/demo.casethemes.net\/bixol\/?page_id=15"},"modified":"2022-10-11T12:40:38","modified_gmt":"2022-10-11T12:40:38","slug":"uber-uns","status":"publish","type":"page","link":"https:\/\/gmn-hausmeisterdienst.de\/index.php\/uber-uns\/","title":{"rendered":"\u00dcber uns"},"content":{"rendered":"\t\t<div data-elementor-type=\"wp-page\" data-elementor-id=\"15\" class=\"elementor elementor-15\" data-elementor-settings=\"[]\">\n\t\t\t\t\t\t\t<div class=\"elementor-section-wrap\">\n\t\t\t\t\t        <section class=\"elementor-section elementor-top-section elementor-element elementor-element-7f41d081 elementor-section-boxed elementor-section-height-default elementor-section-height-default\" data-id=\"7f41d081\" data-element_type=\"section\">\n                            <div class=\"elementor-background-overlay\"><\/div>\n                \n                        <div class=\"elementor-container elementor-column-gap-extended \">\n                    <div class=\"elementor-column elementor-col-50 elementor-top-column elementor-element elementor-element-93b8d37\" data-id=\"93b8d37\" data-element_type=\"column\">\n            <div class=\"elementor-widget-wrap elementor-element-populated\">\n                        \t\t<div class=\"elementor-element elementor-element-53d3f4b9 elementor-widget elementor-widget-ct_banner\" data-id=\"53d3f4b9\" data-element_type=\"widget\" data-widget_type=\"ct_banner.default\">\n\t\t\t\t<div class=\"elementor-widget-container\">\n\t\t\t\t<div class=\"ct-banner1 wow fadeInLeft ps-right style1\">\r\n\t\t<div class=\"ct-banner-inner\">\r\n\t\t\t<img width=\"424\" height=\"443\" src=\"https:\/\/gmn-hausmeisterdienst.de\/wp-content\/uploads\/2020\/10\/banner-01.jpg\" class=\"ct-banner-image1 attachment-full\" alt=\"\" \/>\t\t\t\t\t\t<div class=\"ct-banner-holder\">\r\n\t\t\t\t\t\t\t\t<div class=\"ct-banner-meta\">\r\n\t\t\t\t\t\t\t\t\t\t\t<div class=\"ct-banner-number\"><\/div>\r\n\t\t\t\t\t\t\t\t\t\t<h4 class=\"ct-banner-title\">Professionalit\u00e4t und Seriosit\u00e4t<\/h4>\r\n\t\t\t\t<\/div>\r\n\t\t\t\t\t\t\t\t\t<svg class=\"svg-primary\" xmlns=\"http:\/\/www.w3.org\/2000\/svg\" xmlns:xlink=\"http:\/\/www.w3.org\/1999\/xlink\" viewBox=\"0 0 123 112\">\r\n\t\t\t\t\t  <path class=\"svg-banner1\" d=\"M22.46,0.262a673.892,673.892,0,0,1,80.844,6.4c10.079,0.592,18.735,9.565,19.027,19.5,0.3,10.95.4,40.706,0.279,51.6-0.133,9.926-8.631,18.351-18.682,18.816-27.125,3.568-54.074,7.216-81.04,8.5-10.037-.5-18.485-9.1-18.424-18.875,0.077-15.525.671-50.13,0.527-66.126C4.9,9.975,12.466.983,22.46,0.262h0Z\"\/>\r\n\t\t\t\t\t<\/svg>\r\n\t\t\t\t\t<svg class=\"svg-secondary\" xmlns=\"http:\/\/www.w3.org\/2000\/svg\" xmlns:xlink=\"http:\/\/www.w3.org\/1999\/xlink\" viewBox=\"0 0 123 112\">\r\n\t\t\t\t\t  <path class=\"svg-banner1\" d=\"M22.46,0.262a673.892,673.892,0,0,1,80.844,6.4c10.079,0.592,18.735,9.565,19.027,19.5,0.3,10.95.4,40.706,0.279,51.6-0.133,9.926-8.631,18.351-18.682,18.816-27.125,3.568-54.074,7.216-81.04,8.5-10.037-.5-18.485-9.1-18.424-18.875,0.077-15.525.671-50.13,0.527-66.126C4.9,9.975,12.466.983,22.46,0.262h0Z\"\/>\r\n\t\t\t\t\t<\/svg>\r\n\t\t\t\t\t\t\t<\/div>\r\n\t\t<\/div>\r\n\t<\/div>\r\n\t\t<\/div>\n\t\t\t\t<\/div>\n\t\t            <\/div>\n        <\/div>\n                <div class=\"elementor-column elementor-col-50 elementor-top-column elementor-element elementor-element-65c88901\" data-id=\"65c88901\" data-element_type=\"column\">\n            <div class=\"elementor-widget-wrap elementor-element-populated\">\n                        \t\t<div class=\"elementor-element elementor-element-79a384d6 elementor-widget elementor-widget-ct_heading\" data-id=\"79a384d6\" data-element_type=\"widget\" data-widget_type=\"ct_heading.default\">\n\t\t\t\t<div class=\"elementor-widget-container\">\n\t\t\t<div class=\"ct-heading h-align-  ct-heading-left item-st-default\" data-wow-delay=\"ms\">\r\n\t\t\t<div class=\"item--sub-title st-default\">\r\n            <div class=\"item--sub-title-inner\">\r\n                                    <div class=\"icon-sub-title\">\r\n                        <svg version=\"1.0\" xmlns=\"http:\/\/www.w3.org\/2000\/svg\" viewBox=\"0 0 382.000000 382.000000\" preserveAspectRatio=\"xMidYMid meet\">\r\n                            <defs>\r\n                                <linearGradient id=\"sub-icon1\" x1=\"0%\" y1=\"0%\" x2=\"0%\" y2=\"100%\">\r\n                                      <stop offset=\"0%\" style=\"stop-color:#0431b8;stop-opacity:1\" \/>\r\n                                      <stop offset=\"100%\" style=\"stop-color:#007cfb;stop-opacity:1\" \/>\r\n                                <\/linearGradient>\r\n                              <\/defs>\r\n                            <g fill=\"url(#sub-icon1)\" transform=\"translate(0.000000,382.000000) scale(0.100000,-0.100000)\" fill=\"#000000\" stroke=\"none\"><path d=\"M1856 3797 c-20 -20 -23 -36 -29 -142 -50 -901 -761 -1612 -1662 -1662 -106 -6 -122 -9 -142 -29 -30 -30 -30 -78 0 -108 20 -20 36 -23 142 -29 901 -50 1612 -761 1662 -1662 6 -106 9 -122 29 -142 30 -30 78 -30 108 0 20 20 23 36 29 142 50 901 761 1612 1662 1662 106 6 122 9 142 29 30 30 30 78 0 108 -20 20 -36 23 -142 29 -901 50 -1612 761 -1662 1662 -6 106 -9 122 -29 142 -14 14 -35 23 -54 23 -19 0 -40 -9 -54 -23z\"\/><\/g>\r\n                        <\/svg>\r\n                        <svg version=\"1.0\" xmlns=\"http:\/\/www.w3.org\/2000\/svg\" viewBox=\"0 0 382.000000 382.000000\" preserveAspectRatio=\"xMidYMid meet\">\r\n                            <defs>\r\n                                <linearGradient id=\"sub-icon2\" x1=\"0%\" y1=\"0%\" x2=\"0%\" y2=\"100%\">\r\n                                      <stop offset=\"0%\" style=\"stop-color:#0431b8;stop-opacity:1\" \/>\r\n                                      <stop offset=\"100%\" style=\"stop-color:#007cfb;stop-opacity:1\" \/>\r\n                                <\/linearGradient>\r\n                              <\/defs>\r\n                            <g fill=\"url(#sub-icon2)\" transform=\"translate(0.000000,382.000000) scale(0.100000,-0.100000)\" fill=\"#000000\" stroke=\"none\"><path d=\"M1856 3797 c-20 -20 -23 -36 -29 -142 -50 -901 -761 -1612 -1662 -1662 -106 -6 -122 -9 -142 -29 -30 -30 -30 -78 0 -108 20 -20 36 -23 142 -29 901 -50 1612 -761 1662 -1662 6 -106 9 -122 29 -142 30 -30 78 -30 108 0 20 20 23 36 29 142 50 901 761 1612 1662 1662 106 6 122 9 142 29 30 30 30 78 0 108 -20 20 -36 23 -142 29 -901 50 -1612 761 -1662 1662 -6 106 -9 122 -29 142 -14 14 -35 23 -54 23 -19 0 -40 -9 -54 -23z\"\/><\/g>\r\n                        <\/svg>\r\n                        <svg version=\"1.0\" xmlns=\"http:\/\/www.w3.org\/2000\/svg\" viewBox=\"0 0 382.000000 382.000000\" preserveAspectRatio=\"xMidYMid meet\">\r\n                            <defs>\r\n                                <linearGradient id=\"sub-icon3\" x1=\"0%\" y1=\"0%\" x2=\"0%\" y2=\"100%\">\r\n                                      <stop offset=\"0%\" style=\"stop-color:#0431b8;stop-opacity:1\" \/>\r\n                                      <stop offset=\"100%\" style=\"stop-color:#007cfb;stop-opacity:1\" \/>\r\n                                <\/linearGradient>\r\n                              <\/defs>\r\n                            <g fill=\"url(#sub-icon3)\" transform=\"translate(0.000000,382.000000) scale(0.100000,-0.100000)\" fill=\"#000000\" stroke=\"none\"><path d=\"M1856 3797 c-20 -20 -23 -36 -29 -142 -50 -901 -761 -1612 -1662 -1662 -106 -6 -122 -9 -142 -29 -30 -30 -30 -78 0 -108 20 -20 36 -23 142 -29 901 -50 1612 -761 1662 -1662 6 -106 9 -122 29 -142 30 -30 78 -30 108 0 20 20 23 36 29 142 50 901 761 1612 1662 1662 106 6 122 9 142 29 30 30 30 78 0 108 -20 20 -36 23 -142 29 -901 50 -1612 761 -1662 1662 -6 106 -9 122 -29 142 -14 14 -35 23 -54 23 -19 0 -40 -9 -54 -23z\"\/><\/g>\r\n                        <\/svg>\r\n                    <\/div>\r\n                                \u00dcber Reinigungsagentur            <\/div>\r\n        <\/div>\r\n\t    <h3 class=\"item--title st-default\">\r\n        <span>\r\n            Warum werden Sie sich f\u00fcr unsere Dienstleistungen entscheiden? <small>        <\/span>\r\n    <\/h3>\r\n<\/div>\t\t<\/div>\n\t\t\t\t<\/div>\n\t\t\t\t<div class=\"elementor-element elementor-element-264d30c3 elementor-widget elementor-widget-ct_text_editor\" data-id=\"264d30c3\" data-element_type=\"widget\" data-widget_type=\"ct_text_editor.default\">\n\t\t\t\t<div class=\"elementor-widget-container\">\n\t\t\t<div id=\"ct_text_editor-264d30c3\" class=\"ct-text-editor \" data-wow-delay=\"ms\">\n\t<div class=\"ct-inline-css\"  data-css=\"\n        \t\t\">\n\n    <\/div>\n\t<div class=\"ct-text-editor elementor-clearfix\">\n\t\t<p><span class=\"VIiyi\" lang=\"de\"><span class=\"JLqJ4b ChMk0b\"><span class=\"Q4iAWc\">GMN Hausmeisterdienste ist ein Reinigungsunternehmen mit Sitz in Regensburg.<\/span><\/span> <span class=\"JLqJ4b ChMk0b\"><span class=\"Q4iAWc\">Heutzutage sind wir gewachsen und haben unsere Dienstleistungen erweitert und sind zu einem professionellen Unternehmen geworden, das eine Vielzahl von Dienstleistungen und L\u00f6sungen f\u00fcr Ihre Probleme anbietet.<\/span><\/span><\/span><\/p>\t\t\n\t<\/div>\n<\/div>\t\t<\/div>\n\t\t\t\t<\/div>\n\t\t\t\t<div class=\"elementor-element elementor-element-60428719 elementor-widget-divider--view-line elementor-widget elementor-widget-divider\" data-id=\"60428719\" data-element_type=\"widget\" data-widget_type=\"divider.default\">\n\t\t\t\t<div class=\"elementor-widget-container\">\n\t\t\t\t\t<div class=\"elementor-divider\">\n\t\t\t<span class=\"elementor-divider-separator\">\n\t\t\t\t\t\t<\/span>\n\t\t<\/div>\n\t\t\t\t<\/div>\n\t\t\t\t<\/div>\n\t\t\t\t<div class=\"elementor-element elementor-element-78a51bd1 elementor-widget elementor-widget-ct_video_player\" data-id=\"78a51bd1\" data-element_type=\"widget\" data-widget_type=\"ct_video_player.default\">\n\t\t\t\t<div class=\"elementor-widget-container\">\n\t\t\t<div class=\"ct-video-player btn-video-style1 meta-active \" data-wow-delay=\"ms\">\r\n    <div class=\"ct-video-box\">\r\n        <div class=\"ct-video-holder\">\r\n                            <img src=\"https:\/\/gmn-hausmeisterdienst.de\/wp-content\/uploads\/2020\/10\/bg-video1.jpg\" title=\"bg-video1\" alt=\"bg-video1\" \/>                    <\/div>\r\n                    <a class=\"ct-video-button img-active style1\" href=\"https:\/\/www.youtube.com\/\">\r\n                <i class=\"fac fac-play\"><\/i>\r\n            <\/a>\r\n            <\/div>\r\n            <div class=\"ct-video-meta\">\r\n                            <h4>Pr\u00fcfen Sie, wie wir reinigen!<\/h4>\r\n                        <p>Referenzseite \u00fcber GMN Hausmeisterdienste, die Auskunft \u00fcber ihre Entstehung gibt.<\/p>\r\n            <a  class=\"btn\"><\/a>\r\n        <\/div>\r\n    <\/div>\t\t<\/div>\n\t\t\t\t<\/div>\n\t\t            <\/div>\n        <\/div>\n                            <\/div>\n        <\/section>\n                <section class=\"elementor-section elementor-top-section elementor-element elementor-element-14e0888e elementor-section-stretched elementor-section-boxed elementor-section-height-default elementor-section-height-default\" data-id=\"14e0888e\" data-element_type=\"section\" data-settings=\"{&quot;stretch_section&quot;:&quot;section-stretched&quot;,&quot;background_background&quot;:&quot;classic&quot;}\">\n            \n                        <div class=\"elementor-container elementor-column-gap-extended \">\n                    <div class=\"elementor-column elementor-col-100 elementor-top-column elementor-element elementor-element-1144f76b\" data-id=\"1144f76b\" data-element_type=\"column\">\n            <div class=\"elementor-widget-wrap elementor-element-populated\">\n                                <section class=\"elementor-section elementor-inner-section elementor-element elementor-element-6254534a elementor-section-content-middle elementor-section-boxed elementor-section-height-default elementor-section-height-default\" data-id=\"6254534a\" data-element_type=\"section\">\n            \n                        <div class=\"elementor-container elementor-column-gap-extended \">\n                    <div class=\"elementor-column elementor-col-50 elementor-inner-column elementor-element elementor-element-2e150874\" data-id=\"2e150874\" data-element_type=\"column\">\n            <div class=\"elementor-widget-wrap elementor-element-populated\">\n                        \t\t<div class=\"elementor-element elementor-element-744a1d51 elementor-widget elementor-widget-ct_heading\" data-id=\"744a1d51\" data-element_type=\"widget\" data-widget_type=\"ct_heading.default\">\n\t\t\t\t<div class=\"elementor-widget-container\">\n\t\t\t<div class=\"ct-heading h-align-  ct-heading-left item-st-default\" data-wow-delay=\"ms\">\r\n\t\t\t<div class=\"item--sub-title st-default\">\r\n            <div class=\"item--sub-title-inner\">\r\n                                    <div class=\"icon-sub-title\">\r\n                        <svg version=\"1.0\" xmlns=\"http:\/\/www.w3.org\/2000\/svg\" viewBox=\"0 0 382.000000 382.000000\" preserveAspectRatio=\"xMidYMid meet\">\r\n                            <defs>\r\n                                <linearGradient id=\"sub-icon1\" x1=\"0%\" y1=\"0%\" x2=\"0%\" y2=\"100%\">\r\n                                      <stop offset=\"0%\" style=\"stop-color:#0431b8;stop-opacity:1\" \/>\r\n                                      <stop offset=\"100%\" style=\"stop-color:#007cfb;stop-opacity:1\" \/>\r\n                                <\/linearGradient>\r\n                              <\/defs>\r\n                            <g fill=\"url(#sub-icon1)\" transform=\"translate(0.000000,382.000000) scale(0.100000,-0.100000)\" fill=\"#000000\" stroke=\"none\"><path d=\"M1856 3797 c-20 -20 -23 -36 -29 -142 -50 -901 -761 -1612 -1662 -1662 -106 -6 -122 -9 -142 -29 -30 -30 -30 -78 0 -108 20 -20 36 -23 142 -29 901 -50 1612 -761 1662 -1662 6 -106 9 -122 29 -142 30 -30 78 -30 108 0 20 20 23 36 29 142 50 901 761 1612 1662 1662 106 6 122 9 142 29 30 30 30 78 0 108 -20 20 -36 23 -142 29 -901 50 -1612 761 -1662 1662 -6 106 -9 122 -29 142 -14 14 -35 23 -54 23 -19 0 -40 -9 -54 -23z\"\/><\/g>\r\n                        <\/svg>\r\n                        <svg version=\"1.0\" xmlns=\"http:\/\/www.w3.org\/2000\/svg\" viewBox=\"0 0 382.000000 382.000000\" preserveAspectRatio=\"xMidYMid meet\">\r\n                            <defs>\r\n                                <linearGradient id=\"sub-icon2\" x1=\"0%\" y1=\"0%\" x2=\"0%\" y2=\"100%\">\r\n                                      <stop offset=\"0%\" style=\"stop-color:#0431b8;stop-opacity:1\" \/>\r\n                                      <stop offset=\"100%\" style=\"stop-color:#007cfb;stop-opacity:1\" \/>\r\n                                <\/linearGradient>\r\n                              <\/defs>\r\n                            <g fill=\"url(#sub-icon2)\" transform=\"translate(0.000000,382.000000) scale(0.100000,-0.100000)\" fill=\"#000000\" stroke=\"none\"><path d=\"M1856 3797 c-20 -20 -23 -36 -29 -142 -50 -901 -761 -1612 -1662 -1662 -106 -6 -122 -9 -142 -29 -30 -30 -30 -78 0 -108 20 -20 36 -23 142 -29 901 -50 1612 -761 1662 -1662 6 -106 9 -122 29 -142 30 -30 78 -30 108 0 20 20 23 36 29 142 50 901 761 1612 1662 1662 106 6 122 9 142 29 30 30 30 78 0 108 -20 20 -36 23 -142 29 -901 50 -1612 761 -1662 1662 -6 106 -9 122 -29 142 -14 14 -35 23 -54 23 -19 0 -40 -9 -54 -23z\"\/><\/g>\r\n                        <\/svg>\r\n                        <svg version=\"1.0\" xmlns=\"http:\/\/www.w3.org\/2000\/svg\" viewBox=\"0 0 382.000000 382.000000\" preserveAspectRatio=\"xMidYMid meet\">\r\n                            <defs>\r\n                                <linearGradient id=\"sub-icon3\" x1=\"0%\" y1=\"0%\" x2=\"0%\" y2=\"100%\">\r\n                                      <stop offset=\"0%\" style=\"stop-color:#0431b8;stop-opacity:1\" \/>\r\n                                      <stop offset=\"100%\" style=\"stop-color:#007cfb;stop-opacity:1\" \/>\r\n                                <\/linearGradient>\r\n                              <\/defs>\r\n                            <g fill=\"url(#sub-icon3)\" transform=\"translate(0.000000,382.000000) scale(0.100000,-0.100000)\" fill=\"#000000\" stroke=\"none\"><path d=\"M1856 3797 c-20 -20 -23 -36 -29 -142 -50 -901 -761 -1612 -1662 -1662 -106 -6 -122 -9 -142 -29 -30 -30 -30 -78 0 -108 20 -20 36 -23 142 -29 901 -50 1612 -761 1662 -1662 6 -106 9 -122 29 -142 30 -30 78 -30 108 0 20 20 23 36 29 142 50 901 761 1612 1662 1662 106 6 122 9 142 29 30 30 30 78 0 108 -20 20 -36 23 -142 29 -901 50 -1612 761 -1662 1662 -6 106 -9 122 -29 142 -14 14 -35 23 -54 23 -19 0 -40 -9 -54 -23z\"\/><\/g>\r\n                        <\/svg>\r\n                    <\/div>\r\n                                Gekennzeichneter Service            <\/div>\r\n        <\/div>\r\n\t    <h3 class=\"item--title st-default\">\r\n        <span>\r\n            Der beste Service, den wir geboten haben <small>        <\/span>\r\n    <\/h3>\r\n<\/div>\t\t<\/div>\n\t\t\t\t<\/div>\n\t\t            <\/div>\n        <\/div>\n                <div class=\"elementor-column elementor-col-50 elementor-inner-column elementor-element elementor-element-21e69266\" data-id=\"21e69266\" data-element_type=\"column\">\n            <div class=\"elementor-widget-wrap elementor-element-populated\">\n                        \t\t<div class=\"elementor-element elementor-element-17126639 elementor-widget elementor-widget-ct_text_editor\" data-id=\"17126639\" data-element_type=\"widget\" data-widget_type=\"ct_text_editor.default\">\n\t\t\t\t<div class=\"elementor-widget-container\">\n\t\t\t<div id=\"ct_text_editor-17126639\" class=\"ct-text-editor \" data-wow-delay=\"ms\">\n\t<div class=\"ct-inline-css\"  data-css=\"\n        \t\t\">\n\n    <\/div>\n\t<div class=\"ct-text-editor elementor-clearfix\">\n\t\t<p><span class=\"VIiyi\" lang=\"de\"><span class=\"JLqJ4b ChMk0b\"><span class=\"Q4iAWc\">GMN Hausmeisterdienste ist ein Reinigungsunternehmen mit Sitz in Regensburg.<\/span><\/span> <span class=\"JLqJ4b ChMk0b\"><span class=\"Q4iAWc\">Heutzutage sind wir gewachsen und haben unsere Dienstleistungen erweitert und sind zu einem professionellen Unternehmen geworden, das eine Vielzahl von Dienstleistungen und L\u00f6sungen f\u00fcr Ihre Probleme anbietet.<\/span><\/span><\/span><\/p>\t\t\n\t<\/div>\n<\/div>\t\t<\/div>\n\t\t\t\t<\/div>\n\t\t            <\/div>\n        <\/div>\n                            <\/div>\n        <\/section>\n        \t\t<div class=\"elementor-element elementor-element-674d2f2a elementor-widget elementor-widget-ct_service_carousel\" data-id=\"674d2f2a\" data-element_type=\"widget\" data-widget_type=\"ct_service_carousel.default\">\n\t\t\t\t<div class=\"elementor-widget-container\">\n\t\t\t\r\n<div id=\"ct_service_carousel-674d2f2a\" class=\"ct-service-carousel1 ct-slick-slider \" data-wow-delay=\"ms\">\r\n    <div class=\"ct-carousel-inner\">\r\n        <div class=\"ct-slick-carousel\" data-arrows=\"false\" data-dots=\"true\" data-pauseOnHover=\"false\" data-autoplay=\"false\" data-autoplaySpeed=\"5000\" data-infinite=\"true\" data-speed=\"500\" data-colxs=\"1\" data-colsm=\"2\" data-colmd=\"2\" data-collg=\"3\" data-colxl=\"3\" data-dir=\"false\" data-slidesToScroll=\"1\">\r\n                    <div class=\"carousel-item slick-slide\">\r\n                <div class=\"grid-item-inner\">\r\n                                                                <div class=\"item--icon\">\r\n                            <img width=\"100\" height=\"100\" src=\"https:\/\/gmn-hausmeisterdienst.de\/wp-content\/uploads\/2020\/10\/service-icon-5.png\" class=\"attachment-full\" alt=\"\" \/>                        <\/div>\r\n                                        <div class=\"item--holder\">\r\n                        <h3 class=\"item--title\">Hausmeister<\/h3>\r\n                                                    <div class=\"item--description\">\r\n                                Mit geschultem Personal und professionellem Equipment \u00fcbernehmen wir f\u00fcr Sie alle Hausmeistert\u00e4tigkeiten und Pflegearbeiten rund um Ihr Objekt - abgestimmt auf Ihre Anforderungen und W\u00fcnsche.                            <\/div>\r\n                                                <a href=\"https:\/\/gmn-hausmeisterdienst.de\/index.php\/service\/hausmeister\/\" class=\"item-link\"><\/a>\r\n                    <\/div>\r\n                        \r\n                <\/div>\r\n            <\/div>\r\n                    <div class=\"carousel-item slick-slide\">\r\n                <div class=\"grid-item-inner\">\r\n                                                                <div class=\"item--icon\">\r\n                            <img width=\"100\" height=\"100\" src=\"https:\/\/gmn-hausmeisterdienst.de\/wp-content\/uploads\/2020\/10\/service-icon-2.png\" class=\"attachment-full\" alt=\"\" \/>                        <\/div>\r\n                                        <div class=\"item--holder\">\r\n                        <h3 class=\"item--title\">Gartenpflege<\/h3>\r\n                                                    <div class=\"item--description\">\r\n                                Unser Angebot reicht von der klassischen Rasenpflege \u00fcber Geh\u00f6lzschnitt und Unkrautentfernung bis hin zur \u00dcberarbeitung\/Neuansaat \u00fcberalterter oder vermooster Rasenfl\u00e4chen sowie der Neuanlage von Blumenbeeten.                            <\/div>\r\n                                                <a href=\"https:\/\/gmn-hausmeisterdienst.de\/index.php\/service\/gartenpflege\/\" class=\"item-link\"><\/a>\r\n                    <\/div>\r\n                        \r\n                <\/div>\r\n            <\/div>\r\n                    <div class=\"carousel-item slick-slide\">\r\n                <div class=\"grid-item-inner\">\r\n                                                                <div class=\"item--icon\">\r\n                            <img width=\"180\" height=\"195\" src=\"https:\/\/gmn-hausmeisterdienst.de\/wp-content\/uploads\/2020\/10\/der-arbeiter-putzt-schnee-auf-der-Vektor-Stock_gg133853677.jpg\" class=\"attachment-full\" alt=\"\" \/>                        <\/div>\r\n                                        <div class=\"item--holder\">\r\n                        <h3 class=\"item--title\">Winterdienst<\/h3>\r\n                                                    <div class=\"item--description\">\r\n                                Wir verf\u00fcgen \u00fcber professionelles und leistungsf\u00e4higes Schneer\u00e4umger\u00e4t f\u00fcr alle Grundst\u00fccksgr\u00f6ssen                            <\/div>\r\n                                                <a href=\"https:\/\/gmn-hausmeisterdienst.de\/index.php\/service\/winterdienst\/\" class=\"item-link\"><\/a>\r\n                    <\/div>\r\n                        \r\n                <\/div>\r\n            <\/div>\r\n                    <div class=\"carousel-item slick-slide\">\r\n                <div class=\"grid-item-inner\">\r\n                                                                <div class=\"item--icon\">\r\n                            <img width=\"87\" height=\"100\" src=\"https:\/\/gmn-hausmeisterdienst.de\/wp-content\/uploads\/2020\/10\/service-icon-3.png\" class=\"attachment-full\" alt=\"\" \/>                        <\/div>\r\n                                        <div class=\"item--holder\">\r\n                        <h3 class=\"item--title\">Treppenhausreinigung<\/h3>\r\n                                                    <div class=\"item--description\">\r\n                                Das Treppenhaus gilt als Aush\u00e4ngeschild einer Immobilie, immerhin ist es in der Regel der erste Geb\u00e4udeteil, den Besucher betreten.                            <\/div>\r\n                                                <a href=\"https:\/\/gmn-hausmeisterdienst.de\/index.php\/service\/treppenhausreinigung\/\" class=\"item-link\"><\/a>\r\n                    <\/div>\r\n                        \r\n                <\/div>\r\n            <\/div>\r\n                <\/div>\r\n    <\/div>\r\n<\/div>\r\n\t\t<\/div>\n\t\t\t\t<\/div>\n\t\t            <\/div>\n        <\/div>\n                            <\/div>\n        <\/section>\n        \t\t\t\t<\/div>\n\t\t\t\t\t<\/div>\n\t\t","protected":false},"excerpt":{"rendered":"<p>Professionalit\u00e4t und Seriosit\u00e4t \u00dcber Reinigungsagentur Warum werden Sie sich f\u00fcr unsere Dienstleistungen entscheiden? GMN Hausmeisterdienste ist ein Reinigungsunternehmen mit Sitz in Regensburg. Heutzutage sind wir gewachsen und haben unsere Dienstleistungen erweitert und sind zu einem professionellen Unternehmen geworden, das eine Vielzahl von Dienstleistungen und L\u00f6sungen f\u00fcr Ihre Probleme anbietet. Pr\u00fcfen Sie, wie wir reinigen! Referenzseite [&hellip;]<\/p>\n","protected":false},"author":1,"featured_media":0,"parent":0,"menu_order":0,"comment_status":"closed","ping_status":"closed","template":"","meta":[],"_links":{"self":[{"href":"https:\/\/gmn-hausmeisterdienst.de\/index.php\/wp-json\/wp\/v2\/pages\/15"}],"collection":[{"href":"https:\/\/gmn-hausmeisterdienst.de\/index.php\/wp-json\/wp\/v2\/pages"}],"about":[{"href":"https:\/\/gmn-hausmeisterdienst.de\/index.php\/wp-json\/wp\/v2\/types\/page"}],"author":[{"embeddable":true,"href":"https:\/\/gmn-hausmeisterdienst.de\/index.php\/wp-json\/wp\/v2\/users\/1"}],"replies":[{"embeddable":true,"href":"https:\/\/gmn-hausmeisterdienst.de\/index.php\/wp-json\/wp\/v2\/comments?post=15"}],"version-history":[{"count":25,"href":"https:\/\/gmn-hausmeisterdienst.de\/index.php\/wp-json\/wp\/v2\/pages\/15\/revisions"}],"predecessor-version":[{"id":5169,"href":"https:\/\/gmn-hausmeisterdienst.de\/index.php\/wp-json\/wp\/v2\/pages\/15\/revisions\/5169"}],"wp:attachment":[{"href":"https:\/\/gmn-hausmeisterdienst.de\/index.php\/wp-json\/wp\/v2\/media?parent=15"}],"curies":[{"name":"wp","href":"https:\/\/api.w.org\/{rel}","templated":true}]}}